{"id":1417,"date":"2020-10-09T10:03:28","date_gmt":"2020-10-09T10:03:28","guid":{"rendered":"https:\/\/torsvag.no\/?page_id=1417"},"modified":"2020-10-09T10:19:25","modified_gmt":"2020-10-09T10:19:25","slug":"bo-pa-et-ekte-fyr","status":"publish","type":"page","link":"https:\/\/torsvag.no\/no\/bo-pa-et-ekte-fyr\/","title":{"rendered":"Bo p\u00e5 et ekte fyr?"},"content":{"rendered":"\t\t<div data-elementor-type=\"wp-page\" data-elementor-id=\"1417\" class=\"elementor elementor-1417\" data-elementor-post-type=\"page\">\n\t\t\t\t\t\t<section class=\"elementor-section elementor-top-section elementor-element elementor-element-17173ca1 elementor-section-boxed elementor-section-height-default elementor-section-height-default\" data-id=\"17173ca1\" data-element_type=\"section\" data-e-type=\"section\">\n\t\t\t\t\t\t<div class=\"elementor-container elementor-column-gap-default\">\n\t\t\t\t\t<div class=\"elementor-column elementor-col-100 elementor-top-column elementor-element elementor-element-519fce8\" data-id=\"519fce8\" data-element_type=\"column\" data-e-type=\"column\">\n\t\t\t<div class=\"elementor-widget-wrap elementor-element-populated\">\n\t\t\t\t\t\t<div class=\"elementor-element elementor-element-67843bff elementor-widget elementor-widget-text-editor\" data-id=\"67843bff\" data-element_type=\"widget\" data-e-type=\"widget\" data-widget_type=\"text-editor.default\">\n\t\t\t\t<div class=\"elementor-widget-container\">\n\t\t\t\t\t\t\t\t\t\n<p><strong>Vi leier ut fantastiske Torsv\u00e5g Fyr.<\/strong><\/p>\n<p>Det 3-etasjers fyret har soveplass for 8 personer fordelt p\u00e5 fire soverom, to stuer, to bad, fullt utstyrt kj\u00f8kken etc. Det er kj\u00f8rbar vei til d\u00f8ra. Fyret ligger vakkert til p\u00e5 den lille \u00f8ya K\u00e5ja, som har molo som bindeledd til Vann\u00f8ya. Utsikta fra fyret er formidabel, og en helgetur hit er minneverdig! Leiepriser fra 1 d\u00f8gn. For foresp\u00f8rsel\/booking og priser,<\/p>\n\n<p>\u00a0<\/p>\n\n<p><strong>Ta kontakt p\u00e5 info@torsvaag.no eller p\u00e5 tlf 415 52 794\/971 575 580<\/strong>.<\/p>\n\n<p>\u00a0<\/p>\n\n<figure class=\"wp-block-gallery columns-1 is-cropped wp-block-gallery-2 is-layout-flex wp-block-gallery-is-layout-flex\">\n<ul class=\"blocks-gallery-grid\">\n<li class=\"blocks-gallery-item\">\n<figure><img fetchpriority=\"high\" decoding=\"async\" width=\"1024\" height=\"683\" class=\"wp-image-1418\" src=\"https:\/\/torsvag.no\/wp-content\/uploads\/2020\/10\/Torsv\u00e5g-24-oktober-2014-2-of-17-1024x683.jpg\" alt=\"\" data-id=\"1418\" data-full-url=\"https:\/\/torsvag.no\/wp-content\/uploads\/2020\/10\/Torsv\u00e5g-24-oktober-2014-2-of-17-scaled.jpg\" data-link=\"https:\/\/torsvag.no\/?attachment_id=1418\" srcset=\"https:\/\/torsvag.no\/wp-content\/uploads\/2020\/10\/Torsv\u00e5g-24-oktober-2014-2-of-17-1024x683.jpg 1024w, https:\/\/torsvag.no\/wp-content\/uploads\/2020\/10\/Torsv\u00e5g-24-oktober-2014-2-of-17-300x200.jpg 300w, https:\/\/torsvag.no\/wp-content\/uploads\/2020\/10\/Torsv\u00e5g-24-oktober-2014-2-of-17-768x512.jpg 768w, https:\/\/torsvag.no\/wp-content\/uploads\/2020\/10\/Torsv\u00e5g-24-oktober-2014-2-of-17-1536x1024.jpg 1536w, https:\/\/torsvag.no\/wp-content\/uploads\/2020\/10\/Torsv\u00e5g-24-oktober-2014-2-of-17-2048x1365.jpg 2048w\" sizes=\"(max-width: 1024px) 100vw, 1024px\" \/><\/figure>\n<\/li>\n<\/ul>\n<\/figure>\n\t\t\t\t\t\t\t\t<\/div>\n\t\t\t\t<\/div>\n\t\t\t\t\t<\/div>\n\t\t<\/div>\n\t\t\t\t\t<\/div>\n\t\t<\/section>\n\t\t\t\t<\/div>\n\t\t","protected":false},"excerpt":{"rendered":"<p>Vi leier ut fantastiske Torsv\u00e5g Fyr. Det 3-etasjers fyret har soveplass for 8 personer fordelt p\u00e5 fire soverom, to stuer, to bad, fullt utstyrt kj\u00f8kken etc. Det er kj\u00f8rbar vei til d\u00f8ra. Fyret ligger vakkert til p\u00e5 den lille \u00f8ya K\u00e5ja, som har molo som bindeledd til Vann\u00f8ya. Utsikta fra fyret er formidabel, og en [&hellip;]<\/p>\n","protected":false},"author":3,"featured_media":0,"parent":0,"menu_order":0,"comment_status":"closed","ping_status":"closed","template":"","meta":{"_mi_skip_tracking":false,"_exactmetrics_sitenote_active":false,"_exactmetrics_sitenote_note":"","_exactmetrics_sitenote_category":0,"ocean_post_layout":"","ocean_both_sidebars_style":"","ocean_both_sidebars_content_width":0,"ocean_both_sidebars_sidebars_width":0,"ocean_sidebar":"0","ocean_second_sidebar":"0","ocean_disable_margins":"enable","ocean_add_body_class":"","ocean_shortcode_before_top_bar":"","ocean_shortcode_after_top_bar":"","ocean_shortcode_before_header":"","ocean_shortcode_after_header":"","ocean_has_shortcode":"","ocean_shortcode_after_title":"","ocean_shortcode_before_footer_widgets":"","ocean_shortcode_after_footer_widgets":"","ocean_shortcode_before_footer_bottom":"","ocean_shortcode_after_footer_bottom":"","ocean_display_top_bar":"default","ocean_display_header":"default","ocean_header_style":"","ocean_center_header_left_menu":"0","ocean_custom_header_template":"0","ocean_custom_logo":0,"ocean_custom_retina_logo":0,"ocean_custom_logo_max_width":0,"ocean_custom_logo_tablet_max_width":0,"ocean_custom_logo_mobile_max_width":0,"ocean_custom_logo_max_height":0,"ocean_custom_logo_tablet_max_height":0,"ocean_custom_logo_mobile_max_height":0,"ocean_header_custom_menu":"0","ocean_menu_typo_font_family":"0","ocean_menu_typo_font_subset":"","ocean_menu_typo_font_size":0,"ocean_menu_typo_font_size_tablet":0,"ocean_menu_typo_font_size_mobile":0,"ocean_menu_typo_font_size_unit":"px","ocean_menu_typo_font_weight":"","ocean_menu_typo_font_weight_tablet":"","ocean_menu_typo_font_weight_mobile":"","ocean_menu_typo_transform":"","ocean_menu_typo_transform_tablet":"","ocean_menu_typo_transform_mobile":"","ocean_menu_typo_line_height":0,"ocean_menu_typo_line_height_tablet":0,"ocean_menu_typo_line_height_mobile":0,"ocean_menu_typo_line_height_unit":"","ocean_menu_typo_spacing":0,"ocean_menu_typo_spacing_tablet":0,"ocean_menu_typo_spacing_mobile":0,"ocean_menu_typo_spacing_unit":"","ocean_menu_link_color":"","ocean_menu_link_color_hover":"","ocean_menu_link_color_active":"","ocean_menu_link_background":"","ocean_menu_link_hover_background":"","ocean_menu_link_active_background":"","ocean_menu_social_links_bg":"","ocean_menu_social_hover_links_bg":"","ocean_menu_social_links_color":"","ocean_menu_social_hover_links_color":"","ocean_disable_title":"default","ocean_disable_heading":"default","ocean_post_title":"","ocean_post_subheading":"","ocean_post_title_style":"","ocean_post_title_background_color":"","ocean_post_title_background":0,"ocean_post_title_bg_image_position":"","ocean_post_title_bg_image_attachment":"","ocean_post_title_bg_image_repeat":"","ocean_post_title_bg_image_size":"","ocean_post_title_height":0,"ocean_post_title_bg_overlay":0.5,"ocean_post_title_bg_overlay_color":"","ocean_disable_breadcrumbs":"default","ocean_breadcrumbs_color":"","ocean_breadcrumbs_separator_color":"","ocean_breadcrumbs_links_color":"","ocean_breadcrumbs_links_hover_color":"","ocean_display_footer_widgets":"default","ocean_display_footer_bottom":"default","ocean_custom_footer_template":"0","footnotes":""},"class_list":["post-1417","page","type-page","status-publish","hentry","entry"],"yoast_head":"<!-- This site is optimized with the Yoast SEO plugin v27.0 - https:\/\/yoast.com\/product\/yoast-seo-wordpress\/ -->\n<title>Bo p\u00e5 et ekte fyr? - Torsv\u00e5g Havfiske<\/title>\n<meta name=\"robots\" content=\"index, follow, max-snippet:-1, max-image-preview:large, max-video-preview:-1\" \/>\n<link rel=\"canonical\" href=\"https:\/\/torsvag.no\/no\/bo-pa-et-ekte-fyr\/\" \/>\n<meta property=\"og:locale\" content=\"nb_NO\" \/>\n<meta property=\"og:type\" content=\"article\" \/>\n<meta property=\"og:title\" content=\"Bo p\u00e5 et ekte fyr? - Torsv\u00e5g Havfiske\" \/>\n<meta property=\"og:description\" content=\"Vi leier ut fantastiske Torsv\u00e5g Fyr. Det 3-etasjers fyret har soveplass for 8 personer fordelt p\u00e5 fire soverom, to stuer, to bad, fullt utstyrt kj\u00f8kken etc. Det er kj\u00f8rbar vei til d\u00f8ra. Fyret ligger vakkert til p\u00e5 den lille \u00f8ya K\u00e5ja, som har molo som bindeledd til Vann\u00f8ya. Utsikta fra fyret er formidabel, og en [&hellip;]\" \/>\n<meta property=\"og:url\" content=\"https:\/\/torsvag.no\/no\/bo-pa-et-ekte-fyr\/\" \/>\n<meta property=\"og:site_name\" content=\"Torsv\u00e5g Havfiske\" \/>\n<meta property=\"article:modified_time\" content=\"2020-10-09T10:19:25+00:00\" \/>\n<meta property=\"og:image\" content=\"https:\/\/torsvag.no\/wp-content\/uploads\/2020\/10\/Torsv\u00e5g-24-oktober-2014-2-of-17-1024x683.jpg\" \/>\n<meta name=\"twitter:card\" content=\"summary_large_image\" \/>\n<script type=\"application\/ld+json\" class=\"yoast-schema-graph\">{\"@context\":\"https:\/\/schema.org\",\"@graph\":[{\"@type\":\"WebPage\",\"@id\":\"https:\/\/torsvag.no\/no\/bo-pa-et-ekte-fyr\/\",\"url\":\"https:\/\/torsvag.no\/no\/bo-pa-et-ekte-fyr\/\",\"name\":\"Bo p\u00e5 et ekte fyr? - Torsv\u00e5g Havfiske\",\"isPartOf\":{\"@id\":\"https:\/\/torsvag.no\/#website\"},\"datePublished\":\"2020-10-09T10:03:28+00:00\",\"dateModified\":\"2020-10-09T10:19:25+00:00\",\"breadcrumb\":{\"@id\":\"https:\/\/torsvag.no\/no\/bo-pa-et-ekte-fyr\/#breadcrumb\"},\"inLanguage\":\"nb-NO\",\"potentialAction\":[{\"@type\":\"ReadAction\",\"target\":[\"https:\/\/torsvag.no\/no\/bo-pa-et-ekte-fyr\/\"]}]},{\"@type\":\"BreadcrumbList\",\"@id\":\"https:\/\/torsvag.no\/no\/bo-pa-et-ekte-fyr\/#breadcrumb\",\"itemListElement\":[{\"@type\":\"ListItem\",\"position\":1,\"name\":\"Home\",\"item\":\"https:\/\/torsvag.no\/no\/\"},{\"@type\":\"ListItem\",\"position\":2,\"name\":\"Bo p\u00e5 et ekte fyr?\"}]},{\"@type\":\"WebSite\",\"@id\":\"https:\/\/torsvag.no\/#website\",\"url\":\"https:\/\/torsvag.no\/\",\"name\":\"Torsv\u00e5g Havfiske\",\"description\":\"Dev\",\"publisher\":{\"@id\":\"https:\/\/torsvag.no\/#organization\"},\"potentialAction\":[{\"@type\":\"SearchAction\",\"target\":{\"@type\":\"EntryPoint\",\"urlTemplate\":\"https:\/\/torsvag.no\/?s={search_term_string}\"},\"query-input\":{\"@type\":\"PropertyValueSpecification\",\"valueRequired\":true,\"valueName\":\"search_term_string\"}}],\"inLanguage\":\"nb-NO\"},{\"@type\":\"Organization\",\"@id\":\"https:\/\/torsvag.no\/#organization\",\"name\":\"Torsv\u00e5g Havfiske\",\"url\":\"https:\/\/torsvag.no\/\",\"logo\":{\"@type\":\"ImageObject\",\"inLanguage\":\"nb-NO\",\"@id\":\"https:\/\/torsvag.no\/#\/schema\/logo\/image\/\",\"url\":\"https:\/\/torsvag.no\/wp-content\/uploads\/2018\/10\/Torsvag-Havfiske-Logo.png\",\"contentUrl\":\"https:\/\/torsvag.no\/wp-content\/uploads\/2018\/10\/Torsvag-Havfiske-Logo.png\",\"width\":250,\"height\":127,\"caption\":\"Torsv\u00e5g Havfiske\"},\"image\":{\"@id\":\"https:\/\/torsvag.no\/#\/schema\/logo\/image\/\"}}]}<\/script>\n<!-- \/ Yoast SEO plugin. -->","yoast_head_json":{"title":"Bo p\u00e5 et ekte fyr? - Torsv\u00e5g Havfiske","robots":{"index":"index","follow":"follow","max-snippet":"max-snippet:-1","max-image-preview":"max-image-preview:large","max-video-preview":"max-video-preview:-1"},"canonical":"https:\/\/torsvag.no\/no\/bo-pa-et-ekte-fyr\/","og_locale":"nb_NO","og_type":"article","og_title":"Bo p\u00e5 et ekte fyr? - Torsv\u00e5g Havfiske","og_description":"Vi leier ut fantastiske Torsv\u00e5g Fyr. Det 3-etasjers fyret har soveplass for 8 personer fordelt p\u00e5 fire soverom, to stuer, to bad, fullt utstyrt kj\u00f8kken etc. Det er kj\u00f8rbar vei til d\u00f8ra. Fyret ligger vakkert til p\u00e5 den lille \u00f8ya K\u00e5ja, som har molo som bindeledd til Vann\u00f8ya. Utsikta fra fyret er formidabel, og en [&hellip;]","og_url":"https:\/\/torsvag.no\/no\/bo-pa-et-ekte-fyr\/","og_site_name":"Torsv\u00e5g Havfiske","article_modified_time":"2020-10-09T10:19:25+00:00","og_image":[{"url":"https:\/\/torsvag.no\/wp-content\/uploads\/2020\/10\/Torsv\u00e5g-24-oktober-2014-2-of-17-1024x683.jpg","type":"","width":"","height":""}],"twitter_card":"summary_large_image","schema":{"@context":"https:\/\/schema.org","@graph":[{"@type":"WebPage","@id":"https:\/\/torsvag.no\/no\/bo-pa-et-ekte-fyr\/","url":"https:\/\/torsvag.no\/no\/bo-pa-et-ekte-fyr\/","name":"Bo p\u00e5 et ekte fyr? - Torsv\u00e5g Havfiske","isPartOf":{"@id":"https:\/\/torsvag.no\/#website"},"datePublished":"2020-10-09T10:03:28+00:00","dateModified":"2020-10-09T10:19:25+00:00","breadcrumb":{"@id":"https:\/\/torsvag.no\/no\/bo-pa-et-ekte-fyr\/#breadcrumb"},"inLanguage":"nb-NO","potentialAction":[{"@type":"ReadAction","target":["https:\/\/torsvag.no\/no\/bo-pa-et-ekte-fyr\/"]}]},{"@type":"BreadcrumbList","@id":"https:\/\/torsvag.no\/no\/bo-pa-et-ekte-fyr\/#breadcrumb","itemListElement":[{"@type":"ListItem","position":1,"name":"Home","item":"https:\/\/torsvag.no\/no\/"},{"@type":"ListItem","position":2,"name":"Bo p\u00e5 et ekte fyr?"}]},{"@type":"WebSite","@id":"https:\/\/torsvag.no\/#website","url":"https:\/\/torsvag.no\/","name":"Torsv\u00e5g Havfiske","description":"Dev","publisher":{"@id":"https:\/\/torsvag.no\/#organization"},"potentialAction":[{"@type":"SearchAction","target":{"@type":"EntryPoint","urlTemplate":"https:\/\/torsvag.no\/?s={search_term_string}"},"query-input":{"@type":"PropertyValueSpecification","valueRequired":true,"valueName":"search_term_string"}}],"inLanguage":"nb-NO"},{"@type":"Organization","@id":"https:\/\/torsvag.no\/#organization","name":"Torsv\u00e5g Havfiske","url":"https:\/\/torsvag.no\/","logo":{"@type":"ImageObject","inLanguage":"nb-NO","@id":"https:\/\/torsvag.no\/#\/schema\/logo\/image\/","url":"https:\/\/torsvag.no\/wp-content\/uploads\/2018\/10\/Torsvag-Havfiske-Logo.png","contentUrl":"https:\/\/torsvag.no\/wp-content\/uploads\/2018\/10\/Torsvag-Havfiske-Logo.png","width":250,"height":127,"caption":"Torsv\u00e5g Havfiske"},"image":{"@id":"https:\/\/torsvag.no\/#\/schema\/logo\/image\/"}}]}},"_links":{"self":[{"href":"https:\/\/torsvag.no\/no\/wp-json\/wp\/v2\/pages\/1417","targetHints":{"allow":["GET"]}}],"collection":[{"href":"https:\/\/torsvag.no\/no\/wp-json\/wp\/v2\/pages"}],"about":[{"href":"https:\/\/torsvag.no\/no\/wp-json\/wp\/v2\/types\/page"}],"author":[{"embeddable":true,"href":"https:\/\/torsvag.no\/no\/wp-json\/wp\/v2\/users\/3"}],"replies":[{"embeddable":true,"href":"https:\/\/torsvag.no\/no\/wp-json\/wp\/v2\/comments?post=1417"}],"version-history":[{"count":3,"href":"https:\/\/torsvag.no\/no\/wp-json\/wp\/v2\/pages\/1417\/revisions"}],"predecessor-version":[{"id":1424,"href":"https:\/\/torsvag.no\/no\/wp-json\/wp\/v2\/pages\/1417\/revisions\/1424"}],"wp:attachment":[{"href":"https:\/\/torsvag.no\/no\/wp-json\/wp\/v2\/media?parent=1417"}],"curies":[{"name":"wp","href":"https:\/\/api.w.org\/{rel}","templated":true}]}}