{"id":20,"date":"2018-10-16T09:25:37","date_gmt":"2018-10-16T09:25:37","guid":{"rendered":"https:\/\/getonnet.se\/torsvag\/?page_id=20"},"modified":"2019-05-05T20:13:29","modified_gmt":"2019-05-05T20:13:29","slug":"om-oss","status":"publish","type":"page","link":"https:\/\/torsvag.no\/no\/om-oss\/","title":{"rendered":"Om Oss"},"content":{"rendered":"\t\t<div data-elementor-type=\"wp-post\" data-elementor-id=\"20\" class=\"elementor elementor-20\" data-elementor-post-type=\"page\">\n\t\t\t\t\t\t<section class=\"elementor-section elementor-top-section elementor-element elementor-element-3fce95e torsvag-portfolio-header-bg elementor-section-boxed elementor-section-height-default elementor-section-height-default\" data-id=\"3fce95e\" data-element_type=\"section\" data-e-type=\"section\" data-settings=\"{&quot;background_background&quot;:&quot;classic&quot;}\">\n\t\t\t\t\t\t\t<div class=\"elementor-background-overlay\"><\/div>\n\t\t\t\t\t\t\t<div class=\"elementor-container elementor-column-gap-default\">\n\t\t\t\t\t<div class=\"elementor-column elementor-col-100 elementor-top-column elementor-element elementor-element-1342d35\" data-id=\"1342d35\" data-element_type=\"column\" data-e-type=\"column\">\n\t\t\t<div class=\"elementor-widget-wrap elementor-element-populated\">\n\t\t\t\t\t\t<section class=\"elementor-section elementor-inner-section elementor-element elementor-element-603a5a9 elementor-section-boxed elementor-section-height-default elementor-section-height-default\" data-id=\"603a5a9\" data-element_type=\"section\" data-e-type=\"section\">\n\t\t\t\t\t\t<div class=\"elementor-container elementor-column-gap-default\">\n\t\t\t\t\t<div class=\"elementor-column elementor-col-100 elementor-inner-column elementor-element elementor-element-3d9a319\" data-id=\"3d9a319\" data-element_type=\"column\" data-e-type=\"column\">\n\t\t\t<div class=\"elementor-widget-wrap elementor-element-populated\">\n\t\t\t\t\t\t<div class=\"elementor-element elementor-element-f0b529d elementor-widget elementor-widget-heading\" data-id=\"f0b529d\" data-element_type=\"widget\" data-e-type=\"widget\" data-widget_type=\"heading.default\">\n\t\t\t\t<div class=\"elementor-widget-container\">\n\t\t\t\t\t<h1 class=\"elementor-heading-title elementor-size-default\">Om Oss<\/h1>\t\t\t\t<\/div>\n\t\t\t\t<\/div>\n\t\t\t\t\t<\/div>\n\t\t<\/div>\n\t\t\t\t\t<\/div>\n\t\t<\/section>\n\t\t\t\t\t<\/div>\n\t\t<\/div>\n\t\t\t\t\t<\/div>\n\t\t<\/section>\n\t\t\t\t<section class=\"elementor-section elementor-top-section elementor-element elementor-element-43018ec elementor-section-boxed elementor-section-height-default elementor-section-height-default\" data-id=\"43018ec\" data-element_type=\"section\" data-e-type=\"section\" data-settings=\"{&quot;background_background&quot;:&quot;classic&quot;}\">\n\t\t\t\t\t\t<div class=\"elementor-container elementor-column-gap-default\">\n\t\t\t\t\t<div class=\"elementor-column elementor-col-100 elementor-top-column elementor-element elementor-element-b6b811e\" data-id=\"b6b811e\" data-element_type=\"column\" data-e-type=\"column\">\n\t\t\t<div class=\"elementor-widget-wrap elementor-element-populated\">\n\t\t\t\t\t\t<section class=\"elementor-section elementor-inner-section elementor-element elementor-element-29db427 torsvag-portfolio-box-info elementor-section-boxed elementor-section-height-default elementor-section-height-default\" data-id=\"29db427\" data-element_type=\"section\" data-e-type=\"section\">\n\t\t\t\t\t\t<div class=\"elementor-container elementor-column-gap-default\">\n\t\t\t\t\t<div class=\"elementor-column elementor-col-100 elementor-inner-column elementor-element elementor-element-5bb2c2d torsvag-portfolio-info-box\" data-id=\"5bb2c2d\" data-element_type=\"column\" data-e-type=\"column\">\n\t\t\t<div class=\"elementor-widget-wrap elementor-element-populated\">\n\t\t\t\t\t\t<div class=\"elementor-element elementor-element-078a4b1 elementor-widget elementor-widget-heading\" data-id=\"078a4b1\" data-element_type=\"widget\" data-e-type=\"widget\" data-widget_type=\"heading.default\">\n\t\t\t\t<div class=\"elementor-widget-container\">\n\t\t\t\t\t<h2 class=\"elementor-heading-title elementor-size-default\">Europas kveitehovedstad<\/h2>\t\t\t\t<\/div>\n\t\t\t\t<\/div>\n\t\t\t\t<div class=\"elementor-element elementor-element-2389618 elementor-widget elementor-widget-text-editor\" data-id=\"2389618\" data-element_type=\"widget\" data-e-type=\"widget\" data-widget_type=\"text-editor.default\">\n\t\t\t\t<div class=\"elementor-widget-container\">\n\t\t\t\t\t\t\t\t\t<p>Torsv\u00e5g Havfiske ligger en times kj\u00f8ring fra Troms\u00f8, p\u00e5 naturskj\u00f8nne Vann\u00f8ya. V\u00e5r spesielle beliggenhet ytterst ute i havgapet gj\u00f8r at v\u00e5re gjester har en unik n\u00e6rhet til de beste fiskeplassene. V\u00e5re kveitefangster er utrolige. Kveiterekorden v\u00e5r er p\u00e5 194 kg, og var ogs\u00e5 verdensrekord en stund. I tillegg til et stort antall kveiter, lander v\u00e5re gjester ogs\u00e5 andre arktiske fiskeslag, som torsk, sei, hyse, uer og steinbit.<\/p><p>Vi leier ut 8 fullt m\u00f8blerte leiligheter, alle beliggende p\u00e5 campen v\u00e5r, som er i n\u00e6rheten til b\u00e5tene og v\u00e5rt moderne fileteringshus. I tillegg til leilighetene leier vi ut 4 frittst\u00e5ende hus, deriblant fantastiske Torsv\u00e5g Fyr, som alene er verdt et bes\u00f8k. Vi leier ut Arvor b\u00e5ter; 21,5 ft. og 23 ft. (deluxe-utgaven). I tillegg har vi en st\u00f8rre b\u00e5t, Kors\u00f6 1100, som vi leier ut for guiding, inkludert skipper\/guide.<\/p><p>P\u00e5 v\u00e5rt kj\u00f8kken lager vi mat p\u00e5 bestilling fra v\u00e5re gjester. Vi serverer mat og drikke fra v\u00e5re uts\u00f8kte arktiske meny. Vi kan hente og bringe v\u00e5re gjester p\u00e5 flyplassen, om dere ikke \u00f8nsker \u00e5 bruke egen bil\/leiebil. Vi leier ut fiskestenger og flytedresser, og har annet fiskeutstyr for salg.<\/p><p>Torsv\u00e5gs n\u00e6rhet til den \u00e5pne sj\u00f8en gj\u00f8r oss perfekt for fisking i sommerhalv\u00e5ret. Vi har h\u00f8ye fjell for turg\u00e5ing i sommerhalv\u00e5ret, samt ski\/trugeturer i vinterhalv\u00e5ret. Omr\u00e5det v\u00e5rt er ogs\u00e5 fantastisk for \u00e5 oppleve det arktiske nordlyset. Nordlysjakt inkludert aktiviteter p\u00e5 foresp\u00f8rsel.<\/p>\t\t\t\t\t\t\t\t<\/div>\n\t\t\t\t<\/div>\n\t\t\t\t<div class=\"elementor-element elementor-element-ddea22c elementor-widget elementor-widget-heading\" data-id=\"ddea22c\" data-element_type=\"widget\" data-e-type=\"widget\" data-widget_type=\"heading.default\">\n\t\t\t\t<div class=\"elementor-widget-container\">\n\t\t\t\t\t<h2 class=\"elementor-heading-title elementor-size-default\">Veibeskrivelse<\/h2>\t\t\t\t<\/div>\n\t\t\t\t<\/div>\n\t\t\t\t<div class=\"elementor-element elementor-element-2cf54da elementor-widget elementor-widget-text-editor\" data-id=\"2cf54da\" data-element_type=\"widget\" data-e-type=\"widget\" data-widget_type=\"text-editor.default\">\n\t\t\t\t<div class=\"elementor-widget-container\">\n\t\t\t\t\t\t\t\t\t<p><a href=\"http:\/\/www.atlas.no\/mini.aspx?mode=custadr&amp;id=73862\" target=\"_blank\" rel=\"noopener\"><strong>Kart og veibeskrivelse<\/strong><\/a><\/p><p>LEVERT AV DET NORSKE KARTSELSKAP AS<\/p><h3>Fra Troms\u00f8 Lufthavn (TOS)- Torsv\u00e5g Havfiske.<\/h3><p>Kj\u00f8reretning fra Troms\u00f8 Lufthavn; over brua til Kval\u00f8ya. Kj\u00f8r i retning Hansnes. Cirka distanse 60 km. Kj\u00f8r til fergekai Hansnes. Ta ferga til Vann\u00f8y. Fremme p\u00e5 Vann\u00f8y kj\u00f8rer du i retning Vannareid, og f\u00f8lger skilting til Torsv\u00e5g. Kj\u00f8retid fergeleie- Torsv\u00e5g; cirka 30 minutter. Torsv\u00e5g Havfiske er lokalisert helt ved veiens ende.<\/p>\t\t\t\t\t\t\t\t<\/div>\n\t\t\t\t<\/div>\n\t\t\t\t<div class=\"elementor-element elementor-element-3fd3777 elementor-widget elementor-widget-text-editor\" data-id=\"3fd3777\" data-element_type=\"widget\" data-e-type=\"widget\" data-widget_type=\"text-editor.default\">\n\t\t\t\t<div class=\"elementor-widget-container\">\n\t\t\t\t\t\t\t\t\t<p><iframe style=\"border: 0;\" src=\"https:\/\/www.google.com\/maps\/embed?pb=!1m28!1m12!1m3!1d349941.1607732661!2d18.808026624839947!3d69.96393883604958!2m3!1f0!2f0!3f0!3m2!1i1024!2i768!4f13.1!4m13!3e0!4m5!1s0x45c4c422788e3f0f%3A0x5040733cf2f3e30e!2sTroms%C3%B8+Airport%2C+Flyplassvegen+31%2C+9016+Troms%C3%B8%2C+Norway!3m2!1d69.6819354!2d18.9162637!4m5!1s0x45c45a5555555555%3A0x36b56020311f4399!2sTorsv%C3%A5g+fishing+DA%2C+Karls%C3%B8y%2C+9136+Torsvag%2C+Norway!3m2!1d70.24255409999999!2d19.4950933!5e0!3m2!1sen!2sin!4v1541512852907\" width=\"600\" height=\"450\" frameborder=\"0\" allowfullscreen=\"allowfullscreen\"><\/iframe><\/p>\t\t\t\t\t\t\t\t<\/div>\n\t\t\t\t<\/div>\n\t\t\t\t\t<\/div>\n\t\t<\/div>\n\t\t\t\t\t<\/div>\n\t\t<\/section>\n\t\t\t\t\t<\/div>\n\t\t<\/div>\n\t\t\t\t\t<\/div>\n\t\t<\/section>\n\t\t\t\t<\/div>\n\t\t","protected":false},"excerpt":{"rendered":"<p>Europas kveitehovedstad Torsv\u00e5g Havfiske ligger en times kj\u00f8ring fra Troms\u00f8, p\u00e5 naturskj\u00f8nne Vann\u00f8ya. V\u00e5r spesielle beliggenhet ytterst ute i havgapet gj\u00f8r at v\u00e5re gjester har en unik n\u00e6rhet til de beste fiskeplassene. V\u00e5re kveitefangster er utrolige. Kveiterekorden v\u00e5r er p\u00e5 194 kg, og var ogs\u00e5 verdensrekord en stund. I tillegg til et stort antall kveiter, [&hellip;]<\/p>\n","protected":false},"author":1,"featured_media":0,"parent":0,"menu_order":0,"comment_status":"closed","ping_status":"closed","template":"","meta":{"_mi_skip_tracking":false,"_exactmetrics_sitenote_active":false,"_exactmetrics_sitenote_note":"","_exactmetrics_sitenote_category":0,"ocean_post_layout":"","ocean_both_sidebars_style":"","ocean_both_sidebars_content_width":0,"ocean_both_sidebars_sidebars_width":0,"ocean_sidebar":"0","ocean_second_sidebar":"0","ocean_disable_margins":"enable","ocean_add_body_class":"","ocean_shortcode_before_top_bar":"","ocean_shortcode_after_top_bar":"","ocean_shortcode_before_header":"","ocean_shortcode_after_header":"","ocean_has_shortcode":"","ocean_shortcode_after_title":"","ocean_shortcode_before_footer_widgets":"","ocean_shortcode_after_footer_widgets":"","ocean_shortcode_before_footer_bottom":"","ocean_shortcode_after_footer_bottom":"","ocean_display_top_bar":"default","ocean_display_header":"default","ocean_header_style":"","ocean_center_header_left_menu":"0","ocean_custom_header_template":"0","ocean_custom_logo":0,"ocean_custom_retina_logo":0,"ocean_custom_logo_max_width":0,"ocean_custom_logo_tablet_max_width":0,"ocean_custom_logo_mobile_max_width":0,"ocean_custom_logo_max_height":0,"ocean_custom_logo_tablet_max_height":0,"ocean_custom_logo_mobile_max_height":0,"ocean_header_custom_menu":"0","ocean_menu_typo_font_family":"0","ocean_menu_typo_font_subset":"","ocean_menu_typo_font_size":0,"ocean_menu_typo_font_size_tablet":0,"ocean_menu_typo_font_size_mobile":0,"ocean_menu_typo_font_size_unit":"px","ocean_menu_typo_font_weight":"","ocean_menu_typo_font_weight_tablet":"","ocean_menu_typo_font_weight_mobile":"","ocean_menu_typo_transform":"","ocean_menu_typo_transform_tablet":"","ocean_menu_typo_transform_mobile":"","ocean_menu_typo_line_height":0,"ocean_menu_typo_line_height_tablet":0,"ocean_menu_typo_line_height_mobile":0,"ocean_menu_typo_line_height_unit":"","ocean_menu_typo_spacing":0,"ocean_menu_typo_spacing_tablet":0,"ocean_menu_typo_spacing_mobile":0,"ocean_menu_typo_spacing_unit":"","ocean_menu_link_color":"","ocean_menu_link_color_hover":"","ocean_menu_link_color_active":"","ocean_menu_link_background":"","ocean_menu_link_hover_background":"","ocean_menu_link_active_background":"","ocean_menu_social_links_bg":"","ocean_menu_social_hover_links_bg":"","ocean_menu_social_links_color":"","ocean_menu_social_hover_links_color":"","ocean_disable_title":"default","ocean_disable_heading":"default","ocean_post_title":"","ocean_post_subheading":"","ocean_post_title_style":"","ocean_post_title_background_color":"","ocean_post_title_background":0,"ocean_post_title_bg_image_position":"","ocean_post_title_bg_image_attachment":"","ocean_post_title_bg_image_repeat":"","ocean_post_title_bg_image_size":"","ocean_post_title_height":0,"ocean_post_title_bg_overlay":0.5,"ocean_post_title_bg_overlay_color":"","ocean_disable_breadcrumbs":"default","ocean_breadcrumbs_color":"","ocean_breadcrumbs_separator_color":"","ocean_breadcrumbs_links_color":"","ocean_breadcrumbs_links_hover_color":"","ocean_display_footer_widgets":"default","ocean_display_footer_bottom":"default","ocean_custom_footer_template":"0","footnotes":""},"class_list":["post-20","page","type-page","status-publish","hentry","entry"],"yoast_head":"<!-- This site is optimized with the Yoast SEO plugin v27.0 - https:\/\/yoast.com\/product\/yoast-seo-wordpress\/ -->\n<title>Om Oss - Torsv\u00e5g Havfiske<\/title>\n<meta name=\"robots\" content=\"index, follow, max-snippet:-1, max-image-preview:large, max-video-preview:-1\" \/>\n<link rel=\"canonical\" href=\"https:\/\/torsvag.no\/no\/om-oss\/\" \/>\n<meta property=\"og:locale\" content=\"nb_NO\" \/>\n<meta property=\"og:type\" content=\"article\" \/>\n<meta property=\"og:title\" content=\"Om Oss - Torsv\u00e5g Havfiske\" \/>\n<meta property=\"og:description\" content=\"Europas kveitehovedstad Torsv\u00e5g Havfiske ligger en times kj\u00f8ring fra Troms\u00f8, p\u00e5 naturskj\u00f8nne Vann\u00f8ya. V\u00e5r spesielle beliggenhet ytterst ute i havgapet gj\u00f8r at v\u00e5re gjester har en unik n\u00e6rhet til de beste fiskeplassene. V\u00e5re kveitefangster er utrolige. Kveiterekorden v\u00e5r er p\u00e5 194 kg, og var ogs\u00e5 verdensrekord en stund. I tillegg til et stort antall kveiter, [&hellip;]\" \/>\n<meta property=\"og:url\" content=\"https:\/\/torsvag.no\/no\/om-oss\/\" \/>\n<meta property=\"og:site_name\" content=\"Torsv\u00e5g Havfiske\" \/>\n<meta property=\"article:modified_time\" content=\"2019-05-05T20:13:29+00:00\" \/>\n<meta name=\"twitter:card\" content=\"summary_large_image\" \/>\n<meta name=\"twitter:label1\" content=\"Ansl. lesetid\" \/>\n\t<meta name=\"twitter:data1\" content=\"2 minutter\" \/>\n<script type=\"application\/ld+json\" class=\"yoast-schema-graph\">{\"@context\":\"https:\/\/schema.org\",\"@graph\":[{\"@type\":\"WebPage\",\"@id\":\"https:\/\/torsvag.no\/no\/om-oss\/\",\"url\":\"https:\/\/torsvag.no\/no\/om-oss\/\",\"name\":\"Om Oss - Torsv\u00e5g Havfiske\",\"isPartOf\":{\"@id\":\"https:\/\/torsvag.no\/#website\"},\"datePublished\":\"2018-10-16T09:25:37+00:00\",\"dateModified\":\"2019-05-05T20:13:29+00:00\",\"breadcrumb\":{\"@id\":\"https:\/\/torsvag.no\/no\/om-oss\/#breadcrumb\"},\"inLanguage\":\"nb-NO\",\"potentialAction\":[{\"@type\":\"ReadAction\",\"target\":[\"https:\/\/torsvag.no\/no\/om-oss\/\"]}]},{\"@type\":\"BreadcrumbList\",\"@id\":\"https:\/\/torsvag.no\/no\/om-oss\/#breadcrumb\",\"itemListElement\":[{\"@type\":\"ListItem\",\"position\":1,\"name\":\"Home\",\"item\":\"https:\/\/torsvag.no\/no\/\"},{\"@type\":\"ListItem\",\"position\":2,\"name\":\"Om Oss\"}]},{\"@type\":\"WebSite\",\"@id\":\"https:\/\/torsvag.no\/#website\",\"url\":\"https:\/\/torsvag.no\/\",\"name\":\"Torsv\u00e5g Havfiske\",\"description\":\"Dev\",\"publisher\":{\"@id\":\"https:\/\/torsvag.no\/#organization\"},\"potentialAction\":[{\"@type\":\"SearchAction\",\"target\":{\"@type\":\"EntryPoint\",\"urlTemplate\":\"https:\/\/torsvag.no\/?s={search_term_string}\"},\"query-input\":{\"@type\":\"PropertyValueSpecification\",\"valueRequired\":true,\"valueName\":\"search_term_string\"}}],\"inLanguage\":\"nb-NO\"},{\"@type\":\"Organization\",\"@id\":\"https:\/\/torsvag.no\/#organization\",\"name\":\"Torsv\u00e5g Havfiske\",\"url\":\"https:\/\/torsvag.no\/\",\"logo\":{\"@type\":\"ImageObject\",\"inLanguage\":\"nb-NO\",\"@id\":\"https:\/\/torsvag.no\/#\/schema\/logo\/image\/\",\"url\":\"https:\/\/torsvag.no\/wp-content\/uploads\/2018\/10\/Torsvag-Havfiske-Logo.png\",\"contentUrl\":\"https:\/\/torsvag.no\/wp-content\/uploads\/2018\/10\/Torsvag-Havfiske-Logo.png\",\"width\":250,\"height\":127,\"caption\":\"Torsv\u00e5g Havfiske\"},\"image\":{\"@id\":\"https:\/\/torsvag.no\/#\/schema\/logo\/image\/\"}}]}<\/script>\n<!-- \/ Yoast SEO plugin. -->","yoast_head_json":{"title":"Om Oss - Torsv\u00e5g Havfiske","robots":{"index":"index","follow":"follow","max-snippet":"max-snippet:-1","max-image-preview":"max-image-preview:large","max-video-preview":"max-video-preview:-1"},"canonical":"https:\/\/torsvag.no\/no\/om-oss\/","og_locale":"nb_NO","og_type":"article","og_title":"Om Oss - Torsv\u00e5g Havfiske","og_description":"Europas kveitehovedstad Torsv\u00e5g Havfiske ligger en times kj\u00f8ring fra Troms\u00f8, p\u00e5 naturskj\u00f8nne Vann\u00f8ya. V\u00e5r spesielle beliggenhet ytterst ute i havgapet gj\u00f8r at v\u00e5re gjester har en unik n\u00e6rhet til de beste fiskeplassene. V\u00e5re kveitefangster er utrolige. Kveiterekorden v\u00e5r er p\u00e5 194 kg, og var ogs\u00e5 verdensrekord en stund. I tillegg til et stort antall kveiter, [&hellip;]","og_url":"https:\/\/torsvag.no\/no\/om-oss\/","og_site_name":"Torsv\u00e5g Havfiske","article_modified_time":"2019-05-05T20:13:29+00:00","twitter_card":"summary_large_image","twitter_misc":{"Ansl. lesetid":"2 minutter"},"schema":{"@context":"https:\/\/schema.org","@graph":[{"@type":"WebPage","@id":"https:\/\/torsvag.no\/no\/om-oss\/","url":"https:\/\/torsvag.no\/no\/om-oss\/","name":"Om Oss - Torsv\u00e5g Havfiske","isPartOf":{"@id":"https:\/\/torsvag.no\/#website"},"datePublished":"2018-10-16T09:25:37+00:00","dateModified":"2019-05-05T20:13:29+00:00","breadcrumb":{"@id":"https:\/\/torsvag.no\/no\/om-oss\/#breadcrumb"},"inLanguage":"nb-NO","potentialAction":[{"@type":"ReadAction","target":["https:\/\/torsvag.no\/no\/om-oss\/"]}]},{"@type":"BreadcrumbList","@id":"https:\/\/torsvag.no\/no\/om-oss\/#breadcrumb","itemListElement":[{"@type":"ListItem","position":1,"name":"Home","item":"https:\/\/torsvag.no\/no\/"},{"@type":"ListItem","position":2,"name":"Om Oss"}]},{"@type":"WebSite","@id":"https:\/\/torsvag.no\/#website","url":"https:\/\/torsvag.no\/","name":"Torsv\u00e5g Havfiske","description":"Dev","publisher":{"@id":"https:\/\/torsvag.no\/#organization"},"potentialAction":[{"@type":"SearchAction","target":{"@type":"EntryPoint","urlTemplate":"https:\/\/torsvag.no\/?s={search_term_string}"},"query-input":{"@type":"PropertyValueSpecification","valueRequired":true,"valueName":"search_term_string"}}],"inLanguage":"nb-NO"},{"@type":"Organization","@id":"https:\/\/torsvag.no\/#organization","name":"Torsv\u00e5g Havfiske","url":"https:\/\/torsvag.no\/","logo":{"@type":"ImageObject","inLanguage":"nb-NO","@id":"https:\/\/torsvag.no\/#\/schema\/logo\/image\/","url":"https:\/\/torsvag.no\/wp-content\/uploads\/2018\/10\/Torsvag-Havfiske-Logo.png","contentUrl":"https:\/\/torsvag.no\/wp-content\/uploads\/2018\/10\/Torsvag-Havfiske-Logo.png","width":250,"height":127,"caption":"Torsv\u00e5g Havfiske"},"image":{"@id":"https:\/\/torsvag.no\/#\/schema\/logo\/image\/"}}]}},"_links":{"self":[{"href":"https:\/\/torsvag.no\/no\/wp-json\/wp\/v2\/pages\/20","targetHints":{"allow":["GET"]}}],"collection":[{"href":"https:\/\/torsvag.no\/no\/wp-json\/wp\/v2\/pages"}],"about":[{"href":"https:\/\/torsvag.no\/no\/wp-json\/wp\/v2\/types\/page"}],"author":[{"embeddable":true,"href":"https:\/\/torsvag.no\/no\/wp-json\/wp\/v2\/users\/1"}],"replies":[{"embeddable":true,"href":"https:\/\/torsvag.no\/no\/wp-json\/wp\/v2\/comments?post=20"}],"version-history":[{"count":9,"href":"https:\/\/torsvag.no\/no\/wp-json\/wp\/v2\/pages\/20\/revisions"}],"predecessor-version":[{"id":1362,"href":"https:\/\/torsvag.no\/no\/wp-json\/wp\/v2\/pages\/20\/revisions\/1362"}],"wp:attachment":[{"href":"https:\/\/torsvag.no\/no\/wp-json\/wp\/v2\/media?parent=20"}],"curies":[{"name":"wp","href":"https:\/\/api.w.org\/{rel}","templated":true}]}}